{"id":950,"date":"2016-10-13T09:16:55","date_gmt":"2016-10-13T09:16:55","guid":{"rendered":"http:\/\/www.nicdarkthemes.com\/themes\/wedding\/wp\/demo\/wedding-planner\/?page_id=397"},"modified":"2020-11-23T10:12:09","modified_gmt":"2020-11-23T09:12:09","slug":"home-3","status":"publish","type":"page","link":"https:\/\/seb-et-vanou.com\/","title":{"rendered":"Home 3"},"content":{"rendered":"<p>[vc_row el_id=&#8221;slide-section&#8221;][vc_column][rev_slider_vc alias=&#8221;home&#8221;][\/vc_column][\/vc_row][vc_row css=&#8221;.vc_custom_1476112832922{margin-top: 60px !important;}&#8221;][vc_column] <h1 style=\"color:; padding:px; text-align:center; font-size:30px; line-height:30px; letter-spacing: px; font-weight:normal;\" class=\"   nd_options_first_font \">POUR T\u00c9L\u00c9CHARGER TOUTES LES PHOTOS ET VID\u00c9OS<\/h1> <div style=\"background-color:; height: 20px;\" class=\"nicdark_section  \"><\/div> <h3 style=\"color:#a4a4a4; padding:px; text-align:center; font-size:20px; line-height:20px; letter-spacing: px; font-weight:normal;\" class=\"   nd_options_first_font \">C'EST PAR ICI !<\/h3> <div style=\"background-color:; height: 20px;\" class=\"nicdark_section  \"><\/div><div style=\"background-color:; height: 20px;\" class=\"nicdark_section  \"><\/div>[vc_btn title=&#8221;JE T\u00c9L\u00c9CHARGE&#8221; color=&#8221;chino&#8221; align=&#8221;center&#8221; button_block=&#8221;true&#8221; link=&#8221;url:https%3A%2F%2Fdrive.google.com%2Fopen%3Fid%3D1R_9fvc7FzYFCWmyipQk69ZOUmHq01744||target:%20_blank|&#8221; css=&#8221;.vc_custom_1576683437655{margin-top: 50px !important;margin-bottom: 50px !important;}&#8221;][\/vc_column][\/vc_row][vc_row css=&#8221;.vc_custom_1476112832922{margin-top: 60px !important;}&#8221;][vc_column] <h1 style=\"color:; padding:px; text-align:center; font-size:30px; line-height:30px; letter-spacing: px; font-weight:normal;\" class=\"   nd_options_first_font \">TOUT A COMMENC\u00c9...<\/h1> <div style=\"background-color:; height: 20px;\" class=\"nicdark_section  \"><\/div> <h3 style=\"color:#a4a4a4; padding:px; text-align:center; font-size:20px; line-height:20px; letter-spacing: px; font-weight:normal;\" class=\"   nd_options_first_font \">UN AN AVANT<\/h3> <div style=\"background-color:; height: 60px;\" class=\"nicdark_section  \"><\/div>[vc_video link=&#8221;https:\/\/youtu.be\/JcAHyvWNeG0&#8243; el_width=&#8221;70&#8243; align=&#8221;center&#8221; css=&#8221;.vc_custom_1576427217001{margin-top: 20px !important;}&#8221;][\/vc_column][\/vc_row][vc_row css=&#8221;.vc_custom_1476112832922{margin-top: 60px !important;}&#8221;][vc_column] <h1 style=\"color:; padding:px; text-align:center; font-size:30px; line-height:30px; letter-spacing: px; font-weight:normal;\" class=\"   nd_options_first_font \">LE JOUR J<\/h1> <div style=\"background-color:; height: 20px;\" class=\"nicdark_section  \"><\/div> <h3 style=\"color:#a4a4a4; padding:px; text-align:center; font-size:20px; line-height:20px; letter-spacing: px; font-weight:normal;\" class=\"   nd_options_first_font \">EN R\u00c9SUM\u00c9<\/h3> <div style=\"background-color:; height: 60px;\" class=\"nicdark_section  \"><\/div>[vc_video link=&#8221;https:\/\/youtu.be\/zrOBlPlk-68&#8243; el_width=&#8221;70&#8243; align=&#8221;center&#8221; css=&#8221;.vc_custom_1576427223680{margin-top: 20px !important;}&#8221;][\/vc_column][\/vc_row][vc_row css=&#8221;.vc_custom_1476112832922{margin-top: 60px !important;}&#8221;][vc_column] <h1 style=\"color:; padding:px; text-align:center; font-size:30px; line-height:30px; letter-spacing: px; font-weight:normal;\" class=\"   nd_options_first_font \">EN COULISSES<\/h1> <div style=\"background-color:; height: 20px;\" class=\"nicdark_section  \"><\/div> <h3 style=\"color:#a4a4a4; padding:px; text-align:center; font-size:20px; line-height:20px; letter-spacing: px; font-weight:normal;\" class=\"   nd_options_first_font \">H-3<\/h3> <div style=\"background-color:; height: 20px;\" class=\"nicdark_section  \"><\/div>[vc_media_grid grid_id=&#8221;vc_gid:1606122406450-0a7dfe5d-e03c-5&#8243; include=&#8221;10,11,13,14,15,16,17,18,19,20,21,22,23,24,25,26,27,28,29,30,31,32,33,34,35,36,37,38,39,40,41,42,43,44,45,46,47,48,49,50,51,52,53,54,55,56,57,58,59,60,61,62,63,64,65,66,67,68,69,70,71,72,73,75&#8243;][\/vc_column][\/vc_row][vc_row css=&#8221;.vc_custom_1476112832922{margin-top: 60px !important;}&#8221;][vc_column] <h1 style=\"color:; padding:px; text-align:center; font-size:30px; line-height:30px; letter-spacing: px; font-weight:normal;\" class=\"   nd_options_first_font \">C'EST PARTI !<\/h1> <div style=\"background-color:; height: 20px;\" class=\"nicdark_section  \"><\/div> <h3 style=\"color:#a4a4a4; padding:px; text-align:center; font-size:20px; line-height:20px; letter-spacing: px; font-weight:normal;\" class=\"   nd_options_first_font \">LA MAIRIE<\/h3> <div style=\"background-color:; height: 20px;\" class=\"nicdark_section  \"><\/div>[vc_media_grid grid_id=&#8221;vc_gid:1606122406453-8a333f68-c8ab-4&#8243; include=&#8221;74,76,77,78,79,80,81,88,82,83,84,85,86,87,89,90,91,93,99,101,92,94,95,96,97,98,104,105,106,110,119,120,121,131,132,138,100,103,111,114,115,102,109,116,118,107,108,117,128,140,142,144,112,122,123,124,125,113,126,127,129,130,133,134,135,136,137,139,141,143,145,146,147,148,149,150,151,152,153,154,155,156,157&#8243;][\/vc_column][\/vc_row][vc_row css=&#8221;.vc_custom_1476112832922{margin-top: 60px !important;}&#8221;][vc_column] <h1 style=\"color:; padding:px; text-align:center; font-size:30px; line-height:30px; letter-spacing: px; font-weight:normal;\" class=\"   nd_options_first_font \">LA C\u00c9R\u00c9MONIE<\/h1> <div style=\"background-color:; height: 20px;\" class=\"nicdark_section  \"><\/div> <h3 style=\"color:#a4a4a4; padding:px; text-align:center; font-size:20px; line-height:20px; letter-spacing: px; font-weight:normal;\" class=\"   nd_options_first_font \">\u00c0 L'\u00c9GLISE<\/h3> <div style=\"background-color:; height: 20px;\" class=\"nicdark_section  \"><\/div>[vc_media_grid grid_id=&#8221;vc_gid:1606122406454-daa40930-4da8-1&#8243; include=&#8221;158,159,160,161,162,163,164,165,166,167,168,169,170,171,172,173,174,175,176,177,178,179,180,181,182,183,184,185,186,187,188,189,190,191,192,193,194,195,196,197,198,199,200,201,202,203,204,205,206,207,208,209,210,211,212,213,214,215,216,217,218,219,220,221,222,223,224,225,226,227,228&#8243;][\/vc_column][\/vc_row][vc_row css=&#8221;.vc_custom_1476112832922{margin-top: 60px !important;}&#8221;][vc_column] <h1 style=\"color:; padding:px; text-align:center; font-size:30px; line-height:30px; letter-spacing: px; font-weight:normal;\" class=\"   nd_options_first_font \">SHOOTING PHOTOS<\/h1> <div style=\"background-color:; height: 20px;\" class=\"nicdark_section  \"><\/div> <h3 style=\"color:#a4a4a4; padding:px; text-align:center; font-size:20px; line-height:20px; letter-spacing: px; font-weight:normal;\" class=\"   nd_options_first_font \">DES JEUNES MARI\u00c9S<\/h3> <div style=\"background-color:; height: 20px;\" class=\"nicdark_section  \"><\/div>[vc_media_grid grid_id=&#8221;vc_gid:1606122406455-99d8e57f-1ad2-8&#8243; include=&#8221;229,230,231,232,233,234,235,236,237,238,239,240,242,243,244,247,248,249,250,257,286,287,288,289,290,291,293,294,295,296,297,298,310&#8243;][\/vc_column][\/vc_row][vc_row css=&#8221;.vc_custom_1476112832922{margin-top: 60px !important;}&#8221;][vc_column] <h1 style=\"color:; padding:px; text-align:center; font-size:30px; line-height:30px; letter-spacing: px; font-weight:normal;\" class=\"   nd_options_first_font \">LE COCKTAIL<\/h1> <div style=\"background-color:; height: 20px;\" class=\"nicdark_section  \"><\/div> <h3 style=\"color:#a4a4a4; padding:px; text-align:center; font-size:20px; line-height:20px; letter-spacing: px; font-weight:normal;\" class=\"   nd_options_first_font \">SOUS LE SOLEIL<\/h3> <div style=\"background-color:; height: 20px;\" class=\"nicdark_section  \"><\/div>[vc_media_grid grid_id=&#8221;vc_gid:1606122406456-513e8cce-1bfb-9&#8243; include=&#8221;241,251,245,246,252,253,254,255,256,258,259,260,261,262,263,264,265,266,267,268,269,270,271,272,273,274,275,276,277,278,279,280,281,282,283,284,285,299,300,301,302,303,304,305,306,307,308,309,311,312,313,314,316,317,318,319,326,327,328,329,330,331,332,333,334&#8243;][\/vc_column][\/vc_row][vc_row css=&#8221;.vc_custom_1476112832922{margin-top: 60px !important;}&#8221;][vc_column] <h1 style=\"color:; padding:px; text-align:center; font-size:30px; line-height:30px; letter-spacing: px; font-weight:normal;\" class=\"   nd_options_first_font \">LA SOIR\u00c9E<\/h1> <div style=\"background-color:; height: 20px;\" class=\"nicdark_section  \"><\/div> <h3 style=\"color:#a4a4a4; padding:px; text-align:center; font-size:20px; line-height:20px; letter-spacing: px; font-weight:normal;\" class=\"   nd_options_first_font \">DOMAINE DES HAUTS DE PARDAILLAN<\/h3> <div style=\"background-color:; height: 20px;\" class=\"nicdark_section  \"><\/div>[vc_media_grid grid_id=&#8221;vc_gid:1606122406457-9f9f443d-efd9-10&#8243; include=&#8221;320,321,322,323,324,325,335,336,337,338,339,340,341,342,343,344,345,346,347,348,349,350,351,352,353,354,355,356,357,358,359,360,361,362,363,364,365,366,367,368,369,370,371,372,373,374,375,376,377,378,379,380,381,382,383,384,385,386,387,388,389,390,391,392,393,394,395,396,397,398,399,400,401,402,403,404,405,406,407,408,409,410,411,412&#8243;][\/vc_column][\/vc_row][vc_row css=&#8221;.vc_custom_1476112832922{margin-top: 60px !important;}&#8221;][vc_column] <h1 style=\"color:; padding:px; text-align:center; font-size:30px; line-height:30px; letter-spacing: px; font-weight:normal;\" class=\"   nd_options_first_font \">LE BRUNCH<\/h1> <div style=\"background-color:; height: 20px;\" class=\"nicdark_section  \"><\/div> <h3 style=\"color:#a4a4a4; padding:px; text-align:center; font-size:20px; line-height:20px; letter-spacing: px; font-weight:normal;\" class=\"   nd_options_first_font \">LA MANSARDI\u00c8RE<\/h3> <div style=\"background-color:; height: 20px;\" class=\"nicdark_section  \"><\/div>[vc_media_grid grid_id=&#8221;vc_gid:1606122406458-9b892aba-d7a1-1&#8243; include=&#8221;1105,1106,1107,1108,1110,1112,1113,1114,1115,1116,1118,1121,1122,1123,1125,1126,1128,1134,1135,1137,1139,1142,1147,1149,1150,1151,1153,1155,1159,1166,1170,1173,1174,1175,1176,1177,1180,1181,1182,1228,1234,1240,1243,1246,1247,1248,1249,1250,1252,1254,1255,1256,1257,1258,1259,1260,1261,1262,1263,1264,1267,1268,1269,1271,1272,1273,1274,1275,1276,1277,1278,1279,1280,1281,1282,1283,1284,1285,1286,1287,1288,1289,1290,1291,1292,1293,1294,1295,1296,1299,1300,1301,1302,1303,1304,1305,1306,1307,1308,1309,1310,1311,1312,1313,1314,1315,1316,1317,1318,1319,1320,1321,1322,1323,1324,1326,1327,1328,1329,1330,1331,1332,1334,1335,1336,1337,1338,1339,1340,1341,1342,1343,1344,1345,1346,1347,1350,1351,1352,1353,1354,1355,1356,1357,1359,1360,1362,1363,1364,1365,1366,1367,1368,1370,1371,1373,1374,1375,1376,1380,1381,1382,1383,1384,1385,1386,1387,1388,1389,1390,1361&#8243;][\/vc_column][\/vc_row][vc_row css=&#8221;.vc_custom_1476112832922{margin-top: 60px !important;}&#8221;][vc_column] <h1 style=\"color:; padding:px; text-align:center; font-size:30px; line-height:30px; letter-spacing: px; font-weight:normal;\" class=\"   nd_options_first_font \">POUR T\u00c9L\u00c9CHARGER TOUTES LES PHOTOS ET VID\u00c9OS<\/h1> <div style=\"background-color:; height: 20px;\" class=\"nicdark_section  \"><\/div> <h3 style=\"color:#a4a4a4; padding:px; text-align:center; font-size:20px; line-height:20px; letter-spacing: px; font-weight:normal;\" class=\"   nd_options_first_font \">C'EST PAR ICI !<\/h3> <div style=\"background-color:; height: 20px;\" class=\"nicdark_section  \"><\/div><div style=\"background-color:; height: 20px;\" class=\"nicdark_section  \"><\/div>[vc_btn title=&#8221;JE T\u00c9L\u00c9CHARGE&#8221; color=&#8221;chino&#8221; align=&#8221;center&#8221; button_block=&#8221;true&#8221; link=&#8221;url:https%3A%2F%2Fdrive.google.com%2Fopen%3Fid%3D1R_9fvc7FzYFCWmyipQk69ZOUmHq01744||target:%20_blank|&#8221; css=&#8221;.vc_custom_1576683437655{margin-top: 50px !important;margin-bottom: 50px !important;}&#8221;][\/vc_column][\/vc_row][vc_row full_width=&#8221;stretch_row&#8221; css=&#8221;.vc_custom_1476453912482{margin-top: 15px !important;padding-top: 40px !important;padding-bottom: 40px !important;background-color: #585858 !important;}&#8221;][vc_column] <h2 style=\"color:#ffffff; padding:px; text-align:center; font-size:25px; line-height:25px; letter-spacing: px; font-weight:normal;\" class=\"   nd_options_first_font \">Merci \u00e0 tous du fond du coeur pour nous avoir permis de cr\u00e9er les plus beaux souvenirs de notre vie !<\/h2> <div style=\"background-color:; height: 20px;\" class=\"nicdark_section  \"><\/div> <h1 style=\"color:#ffffff; padding:px; text-align:center; font-size:25px; line-height:25px; letter-spacing: px; font-weight:normal;\" class=\"   nd_options_third_font \">Vanou &amp; Seb<\/h1> [\/vc_column][\/vc_row]<\/p>\n","protected":false},"excerpt":{"rendered":"<p>[vc_row el_id=&#8221;slide-section&#8221;][vc_column][rev_slider_vc alias=&#8221;home&#8221;][\/vc_column][\/vc_row][vc_row css=&#8221;.vc_custom_1476112832922{margin-top: 60px !important;}&#8221;][vc_column][vc_btn title=&#8221;JE T\u00c9L\u00c9CHARGE&#8221; color=&#8221;chino&#8221; align=&#8221;center&#8221; button_block=&#8221;true&#8221; link=&#8221;url:https%3A%2F%2Fdrive.google.com%2Fopen%3Fid%3D1R_9fvc7FzYFCWmyipQk69ZOUmHq01744||target:%20_blank|&#8221; css=&#8221;.vc_custom_1576683437655{margin-top: 50px !important;margin-bottom: 50px !important;}&#8221;][\/vc_column][\/vc_row][vc_row css=&#8221;.vc_custom_1476112832922{margin-top: 60px !important;}&#8221;][vc_column][vc_video link=&#8221;https:\/\/youtu.be\/JcAHyvWNeG0&#8243; el_width=&#8221;70&#8243; align=&#8221;center&#8221; css=&#8221;.vc_custom_1576427217001{margin-top: 20px !important;}&#8221;][\/vc_column][\/vc_row][vc_row css=&#8221;.vc_custom_1476112832922{margin-top: 60px !important;}&#8221;][vc_column][vc_video link=&#8221;https:\/\/youtu.be\/zrOBlPlk-68&#8243; el_width=&#8221;70&#8243; align=&#8221;center&#8221; css=&#8221;.vc_custom_1576427223680{margin-top: 20px !important;}&#8221;][\/vc_column][\/vc_row][vc_row css=&#8221;.vc_custom_1476112832922{margin-top: 60px !important;}&#8221;][vc_column][vc_media_grid grid_id=&#8221;vc_gid:1606122406450-0a7dfe5d-e03c-5&#8243; include=&#8221;10,11,13,14,15,16,17,18,19,20,21,22,23,24,25,26,27,28,29,30,31,32,33,34,35,36,37,38,39,40,41,42,43,44,45,46,47,48,49,50,51,52,53,54,55,56,57,58,59,60,61,62,63,64,65,66,67,68,69,70,71,72,73,75&#8243;][\/vc_column][\/vc_row][vc_row css=&#8221;.vc_custom_1476112832922{margin-top: 60px !important;}&#8221;][vc_column][vc_media_grid grid_id=&#8221;vc_gid:1606122406453-8a333f68-c8ab-4&#8243; include=&#8221;74,76,77,78,79,80,81,88,82,83,84,85,86,87,89,90,91,93,99,101,92,94,95,96,97,98,104,105,106,110,119,120,121,131,132,138,100,103,111,114,115,102,109,116,118,107,108,117,128,140,142,144,112,122,123,124,125,113,126,127,129,130,133,134,135,136,137,139,141,143,145,146,147,148,149,150,151,152,153,154,155,156,157&#8243;][\/vc_column][\/vc_row][vc_row css=&#8221;.vc_custom_1476112832922{margin-top: 60px !important;}&#8221;][vc_column][vc_media_grid grid_id=&#8221;vc_gid:1606122406454-daa40930-4da8-1&#8243; include=&#8221;158,159,160,161,162,163,164,165,166,167,168,169,170,171,172,173,174,175,176,177,178,179,180,181,182,183,184,185,186,187,188,189,190,191,192,193,194,195,196,197,198,199,200,201,202,203,204,205,206,207,208,209,210,211,212,213,214,215,216,217,218,219,220,221,222,223,224,225,226,227,228&#8243;][\/vc_column][\/vc_row][vc_row css=&#8221;.vc_custom_1476112832922{margin-top: 60px !important;}&#8221;][vc_column][vc_media_grid grid_id=&#8221;vc_gid:1606122406455-99d8e57f-1ad2-8&#8243; include=&#8221;229,230,231,232,233,234,235,236,237,238,239,240,242,243,244,247,248,249,250,257,286,287,288,289,290,291,293,294,295,296,297,298,310&#8243;][\/vc_column][\/vc_row][vc_row [&hellip;]<\/p>\n","protected":false},"author":1,"featured_media":0,"parent":0,"menu_order":0,"comment_status":"closed","ping_status":"closed","template":"","meta":[],"_links":{"self":[{"href":"https:\/\/seb-et-vanou.com\/index.php\/wp-json\/wp\/v2\/pages\/950"}],"collection":[{"href":"https:\/\/seb-et-vanou.com\/index.php\/wp-json\/wp\/v2\/pages"}],"about":[{"href":"https:\/\/seb-et-vanou.com\/index.php\/wp-json\/wp\/v2\/types\/page"}],"author":[{"embeddable":true,"href":"https:\/\/seb-et-vanou.com\/index.php\/wp-json\/wp\/v2\/users\/1"}],"replies":[{"embeddable":true,"href":"https:\/\/seb-et-vanou.com\/index.php\/wp-json\/wp\/v2\/comments?post=950"}],"version-history":[{"count":35,"href":"https:\/\/seb-et-vanou.com\/index.php\/wp-json\/wp\/v2\/pages\/950\/revisions"}],"predecessor-version":[{"id":1393,"href":"https:\/\/seb-et-vanou.com\/index.php\/wp-json\/wp\/v2\/pages\/950\/revisions\/1393"}],"wp:attachment":[{"href":"https:\/\/seb-et-vanou.com\/index.php\/wp-json\/wp\/v2\/media?parent=950"}],"curies":[{"name":"wp","href":"https:\/\/api.w.org\/{rel}","templated":true}]}}